{"id":2476,"date":"2023-05-23T09:58:13","date_gmt":"2023-05-23T09:58:13","guid":{"rendered":"https:\/\/novo.aeermesinde.net\/wp\/?page_id=2476"},"modified":"2025-06-23T07:45:25","modified_gmt":"2025-06-23T07:45:25","slug":"provas-de-equivalencia-a-frequencia","status":"publish","type":"page","link":"https:\/\/novo.aeermesinde.net\/wp\/provas-de-equivalencia-a-frequencia\/","title":{"rendered":"Provas de\u00a0Equival\u00eancia \u00e0 Frequ\u00eancia"},"content":{"rendered":"\n<p><strong>Informa\u00e7\u00f5es sobre a realiza\u00e7\u00e3o dos exames<\/strong><\/p>\n\n\n\n<p><strong>Reaprecia\u00e7\u00e3o e Reclama\u00e7\u00e3o &#8211; 3\u00ba Ciclo<\/strong> (PROVAS FINAIS DO ENSINO B\u00c1SICO e PROVAS DE EQUIVAL\u00caNCIA \u00c0 FREQU\u00caNCIA A N\u00cdVEL DE ESCOLA)<\/p>\n\n\n\n<p><strong>Calend\u00e1rio das Provas<\/strong><\/p>\n\n\n\n<figure class=\"wp-block-table\"><table><tbody><tr><td>ENSINO SECUND\u00c1RIO <br><strong><a href=\"https:\/\/novo.aeermesinde.net\/wp\/wp-content\/uploads\/2025\/06\/Calendario-de-Provas-de-Equivalencia-a-Frequencia-do-Ensino-Secundario-1.a-Fase-2025.docx\" data-type=\"link\" data-id=\"https:\/\/novo.aeermesinde.net\/wp\/wp-content\/uploads\/2025\/06\/Calendario-de-Provas-de-Equivalencia-a-Frequencia-do-Ensino-Secundario-1.a-Fase-2025.docx\" target=\"_blank\" rel=\"noreferrer noopener\">1.\u00aa FASE<\/a><br><a href=\"https:\/\/novo.aeermesinde.net\/wp\/wp-content\/uploads\/2025\/06\/Calendario-de-Provas-de-Equivalencia-a-Frequencia-do-Ensino-Secundario-2.a-Fase-2025.docx\" data-type=\"link\" data-id=\"https:\/\/novo.aeermesinde.net\/wp\/wp-content\/uploads\/2025\/06\/Calendario-de-Provas-de-Equivalencia-a-Frequencia-do-Ensino-Secundario-2.a-Fase-2025.docx\" target=\"_blank\" rel=\"noreferrer noopener\">2.\u00aa FASE<\/a><\/strong><br><br>PROVAS FINAIS DO 3\u00ba CICLO<br><strong><a href=\"https:\/\/novo.aeermesinde.net\/wp\/wp-content\/uploads\/2025\/06\/Calendario-de-Provas-de-Equivalencia-a-Frequencia-do-Ensino-Basico-3.o-Ciclo-1.a-Fase-2025.docx\" data-type=\"link\" data-id=\"https:\/\/novo.aeermesinde.net\/wp\/wp-content\/uploads\/2025\/06\/Calendario-de-Provas-de-Equivalencia-a-Frequencia-do-Ensino-Basico-3.o-Ciclo-1.a-Fase-2025.docx\" target=\"_blank\" rel=\"noreferrer noopener\">1.\u00aa FASE<\/a><br><a href=\"https:\/\/novo.aeermesinde.net\/wp\/wp-content\/uploads\/2025\/06\/Calendario-de-Provas-de-Equivalencia-a-Frequencia-do-Ensino-Basico-3.o-Ciclo-2.a-Fase-2025.docx\" data-type=\"link\" data-id=\"https:\/\/novo.aeermesinde.net\/wp\/wp-content\/uploads\/2025\/06\/Calendario-de-Provas-de-Equivalencia-a-Frequencia-do-Ensino-Basico-3.o-Ciclo-2.a-Fase-2025.docx\" target=\"_blank\" rel=\"noreferrer noopener\">2.\u00aa FASE<\/a><\/strong><\/td><\/tr><\/tbody><\/table><\/figure>\n\n\n\n<p><\/p>\n\n\n\n<p><strong>Informa\u00e7\u00f5es Prova<\/strong><\/p>\n\n\n\n<figure class=\"wp-block-table\"><table><tbody><tr><td><strong><a href=\"https:\/\/aeermesinde-my.sharepoint.com\/personal\/bruno_reimao_aeermesinde_net\/_layouts\/15\/onedrive.aspx?id=%2Fpersonal%2Fbruno%5Freimao%5Faeermesinde%5Fnet%2FDocuments%2F2024%2D2025%2FInforma%C3%A7%C3%B5s%20Prova%20%2D%20Provas%20de%20Eq%2E%20Frequ%C3%AAncia%2FInf%2E%20Prova%20Geral%20PEF%5F24%2D25%2Epdf&amp;parent=%2Fpersonal%2Fbruno%5Freimao%5Faeermesinde%5Fnet%2FDocuments%2F2024%2D2025%2FInforma%C3%A7%C3%B5s%20Prova%20%2D%20Provas%20de%20Eq%2E%20Frequ%C3%AAncia&amp;ct=1748275919514&amp;or=OWA%2DNT%2DMail&amp;cid=8d6d1f5b%2Dc200%2Db4c3%2D5c91%2D0ffee8d1dfff&amp;ga=1&amp;ls=true\" data-type=\"link\" data-id=\"https:\/\/aeermesinde-my.sharepoint.com\/personal\/bruno_reimao_aeermesinde_net\/_layouts\/15\/onedrive.aspx?id=%2Fpersonal%2Fbruno%5Freimao%5Faeermesinde%5Fnet%2FDocuments%2F2024%2D2025%2FInforma%C3%A7%C3%B5s%20Prova%20%2D%20Provas%20de%20Eq%2E%20Frequ%C3%AAncia%2FInf%2E%20Prova%20Geral%20PEF%5F24%2D25%2Epdf&amp;parent=%2Fpersonal%2Fbruno%5Freimao%5Faeermesinde%5Fnet%2FDocuments%2F2024%2D2025%2FInforma%C3%A7%C3%B5s%20Prova%20%2D%20Provas%20de%20Eq%2E%20Frequ%C3%AAncia&amp;ct=1748275919514&amp;or=OWA%2DNT%2DMail&amp;cid=8d6d1f5b%2Dc200%2Db4c3%2D5c91%2D0ffee8d1dfff&amp;ga=1&amp;ls=true\" target=\"_blank\" rel=\"noreferrer noopener\">Informa\u00e7\u00e3o Prova Geral<\/a><\/strong><br><br><strong><a href=\"https:\/\/aeermesinde-my.sharepoint.com\/personal\/bruno_reimao_aeermesinde_net\/_layouts\/15\/onedrive.aspx?id=%2Fpersonal%2Fbruno%5Freimao%5Faeermesinde%5Fnet%2FDocuments%2F2024%2D2025%2FInforma%C3%A7%C3%B5s%20Prova%20%2D%20Provas%20de%20Eq%2E%20Frequ%C3%AAncia%2F9%2E%C2%BA%20Ano%20%2D%20PDF&amp;ct=1748275713886&amp;or=OWA%2DNT%2DMail&amp;cid=704fd8cc%2Dca9f%2Dbc74%2D687b%2Ded6aa9921123&amp;ga=1\" data-type=\"link\" data-id=\"https:\/\/aeermesinde-my.sharepoint.com\/personal\/bruno_reimao_aeermesinde_net\/_layouts\/15\/onedrive.aspx?id=%2Fpersonal%2Fbruno%5Freimao%5Faeermesinde%5Fnet%2FDocuments%2F2024%2D2025%2FInforma%C3%A7%C3%B5s%20Prova%20%2D%20Provas%20de%20Eq%2E%20Frequ%C3%AAncia%2F9%2E%C2%BA%20Ano%20%2D%20PDF&amp;ct=1748275713886&amp;or=OWA%2DNT%2DMail&amp;cid=704fd8cc%2Dca9f%2Dbc74%2D687b%2Ded6aa9921123&amp;ga=1\" target=\"_blank\" rel=\"noreferrer noopener\">9\u00ba ano <\/a><br><br><a href=\"https:\/\/aeermesinde-my.sharepoint.com\/personal\/bruno_reimao_aeermesinde_net\/_layouts\/15\/onedrive.aspx?id=%2Fpersonal%2Fbruno%5Freimao%5Faeermesinde%5Fnet%2FDocuments%2F2024%2D2025%2FInforma%C3%A7%C3%B5s%20Prova%20%2D%20Provas%20de%20Eq%2E%20Frequ%C3%AAncia%2F12%2E%C2%BA%20Ano%20%2D%20PDF&amp;ct=1748275813848&amp;or=OWA%2DNT%2DMail&amp;cid=032c9342%2D60c5%2D4009%2D17e8%2De19edc349166&amp;ga=1\" data-type=\"link\" data-id=\"https:\/\/aeermesinde-my.sharepoint.com\/personal\/bruno_reimao_aeermesinde_net\/_layouts\/15\/onedrive.aspx?id=%2Fpersonal%2Fbruno%5Freimao%5Faeermesinde%5Fnet%2FDocuments%2F2024%2D2025%2FInforma%C3%A7%C3%B5s%20Prova%20%2D%20Provas%20de%20Eq%2E%20Frequ%C3%AAncia%2F12%2E%C2%BA%20Ano%20%2D%20PDF&amp;ct=1748275813848&amp;or=OWA%2DNT%2DMail&amp;cid=032c9342%2D60c5%2D4009%2D17e8%2De19edc349166&amp;ga=1\" target=\"_blank\" rel=\"noreferrer noopener\">Ensino Secund\u00e1rio<\/a><\/strong><br><br><strong><a href=\"https:\/\/aeermesinde-my.sharepoint.com\/personal\/bruno_reimao_aeermesinde_net\/_layouts\/15\/onedrive.aspx?id=%2Fpersonal%2Fbruno%5Freimao%5Faeermesinde%5Fnet%2FDocuments%2F2024%2D2025%2FInforma%C3%A7%C3%B5s%20Prova%20%2D%20Provas%20de%20Eq%2E%20Frequ%C3%AAncia%2FN%C3%ADvel%20de%20Escola%20%2D%20PDF&amp;ct=1748275837424&amp;or=OWA%2DNT%2DMail&amp;cid=76afa073%2D920d%2D6d89%2Dc6c6%2Db7c6d8811eb3&amp;ga=1\" data-type=\"link\" data-id=\"https:\/\/aeermesinde-my.sharepoint.com\/personal\/bruno_reimao_aeermesinde_net\/_layouts\/15\/onedrive.aspx?id=%2Fpersonal%2Fbruno%5Freimao%5Faeermesinde%5Fnet%2FDocuments%2F2024%2D2025%2FInforma%C3%A7%C3%B5s%20Prova%20%2D%20Provas%20de%20Eq%2E%20Frequ%C3%AAncia%2FN%C3%ADvel%20de%20Escola%20%2D%20PDF&amp;ct=1748275837424&amp;or=OWA%2DNT%2DMail&amp;cid=76afa073%2D920d%2D6d89%2Dc6c6%2Db7c6d8811eb3&amp;ga=1\" target=\"_blank\" rel=\"noreferrer noopener\">N\u00edvel de Escola<\/a><\/strong><\/td><\/tr><\/tbody><\/table><\/figure>\n\n\n\n<marquee><b>Provas de Equival\u00eancia \u00e0 Frequencia<\/b><\/marquee>\n","protected":false},"excerpt":{"rendered":"<p>Informa\u00e7\u00f5es sobre a realiza\u00e7\u00e3o dos exames Reaprecia\u00e7\u00e3o e Reclama\u00e7\u00e3o &#8211; 3\u00ba Ciclo (PROVAS FINAIS DO ENSINO B\u00c1SICO e PROVAS DE EQUIVAL\u00caNCIA \u00c0 FREQU\u00caNCIA A N\u00cdVEL DE ESCOLA) Calend\u00e1rio das Provas ENSINO SECUND\u00c1RIO 1.\u00aa FASE2.\u00aa FASE PROVAS FINAIS DO 3\u00ba CICLO1.\u00aa <a href=\"https:\/\/novo.aeermesinde.net\/wp\/provas-de-equivalencia-a-frequencia\/\" class=\"read-more\">Read More &#8230;<\/a><\/p>\n","protected":false},"author":1,"featured_media":0,"parent":0,"menu_order":0,"comment_status":"closed","ping_status":"closed","template":"","meta":{"footnotes":""},"class_list":["post-2476","page","type-page","status-publish","hentry"],"jetpack_sharing_enabled":true,"jetpack_likes_enabled":true,"_links":{"self":[{"href":"https:\/\/novo.aeermesinde.net\/wp\/wp-json\/wp\/v2\/pages\/2476","targetHints":{"allow":["GET"]}}],"collection":[{"href":"https:\/\/novo.aeermesinde.net\/wp\/wp-json\/wp\/v2\/pages"}],"about":[{"href":"https:\/\/novo.aeermesinde.net\/wp\/wp-json\/wp\/v2\/types\/page"}],"author":[{"embeddable":true,"href":"https:\/\/novo.aeermesinde.net\/wp\/wp-json\/wp\/v2\/users\/1"}],"replies":[{"embeddable":true,"href":"https:\/\/novo.aeermesinde.net\/wp\/wp-json\/wp\/v2\/comments?post=2476"}],"version-history":[{"count":24,"href":"https:\/\/novo.aeermesinde.net\/wp\/wp-json\/wp\/v2\/pages\/2476\/revisions"}],"predecessor-version":[{"id":7915,"href":"https:\/\/novo.aeermesinde.net\/wp\/wp-json\/wp\/v2\/pages\/2476\/revisions\/7915"}],"wp:attachment":[{"href":"https:\/\/novo.aeermesinde.net\/wp\/wp-json\/wp\/v2\/media?parent=2476"}],"curies":[{"name":"wp","href":"https:\/\/api.w.org\/{rel}","templated":true}]}}