{"id":7360,"date":"2025-05-15T07:50:10","date_gmt":"2025-05-15T07:50:10","guid":{"rendered":"https:\/\/novo.aeermesinde.net\/wp\/?page_id=7360"},"modified":"2026-03-02T10:45:36","modified_gmt":"2026-03-02T10:45:36","slug":"projeto-clube-ubuntu","status":"publish","type":"page","link":"https:\/\/novo.aeermesinde.net\/wp\/projeto-clube-ubuntu\/","title":{"rendered":"PROJETO\/CLUBE UBUNTU"},"content":{"rendered":"\n<p>UBUNTU \u00e9 uma palavra sul-africana que significa: \u00abEu sou porque tu \u00e9s\u00bb. Dessa express\u00e3o nasceu uma filosofia de vida centrada na pessoa e nas rela\u00e7\u00f5es humanas, que valoriza a solidariedade, o respeito, a empatia e o esp\u00edrito de coletividade.<\/p>\n\n\n\n<p>Inspirado por esses princ\u00edpios, este programa visa promover o desenvolvimento de compet\u00eancias socioemocionais de crian\u00e7as e jovens em contexto escolar, promovendo a conviv\u00eancia harmoniosa, a colabora\u00e7\u00e3o e o crescimento conjunto.<\/p>\n\n\n\n<p><strong>OBJETIVOS GERAIS<\/strong><\/p>\n\n\n\n<ul class=\"wp-block-list\">\n<li>capacitar jovens enquanto agentes de transforma\u00e7\u00e3o ao servi\u00e7o das comunidades;<\/li>\n\n\n\n<li>promover o di\u00e1logo entre e dentro das comunidades para a promo\u00e7\u00e3o da paz e constru\u00e7\u00e3o da justi\u00e7a, contribuindo para o desenvolvimento de sociedades mais inclusivas e resilientes;<\/li>\n\n\n\n<li>construir um ambiente escolar, mais acolhedor e solid\u00e1rio;<\/li>\n\n\n\n<li>desenvolver uma \u00e9tica do cuidado, focada na empatia, aten\u00e7\u00e3o e responsabilidade.<\/li>\n<\/ul>\n\n\n\n<p><strong>EIXOS ESTRAT\u00c9GICOS DO PROJETO EDUCATIVO DO AEE, QUE PRESIDIRAM AOS OBJETIVOS<\/strong><\/p>\n\n\n\n<ul class=\"wp-block-list\">\n<li>EIXO ESTRAT\u00c9GICO 1 (E1): A\u00c7\u00c3O PEDAG\u00d3GICA correspondente \u00e0s exig\u00eancias do perfil dos alunos \u00e0 sa\u00edda da escolaridade obrigat\u00f3ria, \u00e0 educa\u00e7\u00e3o inclusiva e \u00e0 autonomia e flexibiliza\u00e7\u00e3o curricular.<\/li>\n<\/ul>\n\n\n\n<p><strong>\u00c1REAS DE COMPET\u00caNCIAS DO PASEO CONSIDERADAS<\/strong><\/p>\n\n\n\n<p><strong>A.<\/strong> Linguagens e textos<\/p>\n\n\n\n<p><strong>B.<\/strong> Informa\u00e7\u00e3o e comunica\u00e7\u00e3o<\/p>\n\n\n\n<p><strong>C.<\/strong> Racioc\u00ednio e resolu\u00e7\u00e3o de problemas<\/p>\n\n\n\n<p><strong>D.<\/strong> Pensamento cr\u00edtico e pensamento criativo<\/p>\n\n\n\n<p><strong>E.<\/strong> Relacionamento interpessoal<\/p>\n\n\n\n<p><strong>F.<\/strong> Desenvolvimento pessoal e autonomia<\/p>\n\n\n\n<p><strong>G.<\/strong> Bem-estar, sa\u00fade e ambiente<\/p>\n\n\n\n<p><strong>H.<\/strong> Sensibilidade est\u00e9tica e art\u00edstica<\/p>\n\n\n\n<p><strong>I.&nbsp;<\/strong>Saber cient\u00edfico, t\u00e9cnico e tecnol\u00f3gico<strong><\/strong><\/p>\n\n\n\n<p><strong>J.<\/strong> Consci\u00eancia e dom\u00ednio do corpo<\/p>\n\n\n\n<p><strong>N\u00cdVEL DE EDUCA\u00c7\u00c3O \/ ENSINO<\/strong><\/p>\n\n\n\n<p>Ensino B\u00e1sico e Secund\u00e1rio<strong><\/strong><\/p>\n\n\n\n<p><strong>PARCEIROS EXTERNOS<\/strong><\/p>\n\n\n\n<p>Instituto Padre Ant\u00f3nio Vieira (IPAV)<strong><\/strong><\/p>\n\n\n\n<p><strong>EQUIPA<\/strong><\/p>\n\n\n\n<p>Maria Jos\u00e9 Pinto (Coordenadora) G550<\/p>\n\n\n\n<p>Paulo Oliveira G620<\/p>\n\n\n\n<p>Paula Raquel Cavadas G520<\/p>\n\n\n\n<p>Rute Neves G330<\/p>\n\n\n\n<p>Ana Filipa (Psic\u00f3loga)<\/p>\n\n\n\n<p>F\u00e1tima Andrade (Psic\u00f3loga)<\/p>\n\n\n\n<p>Augusta Coelho (Assistente operacional)<\/p>\n\n\n\n<p>Paulo Eiras (Assistente Operacional)<\/p>\n\n\n\n<p>Telma Moreira (Assistente T\u00e9cnica)<\/p>\n\n\n\n<p>Joana Sousa (TIL)<\/p>\n\n\n\n<p><strong>PARCEIROS EXTERNOS<\/strong><\/p>\n\n\n\n<p>Instituto Padre Ant\u00f3nio Vieira (IPAV)<strong><\/strong><\/p>\n\n\n\n<p><strong>DESTINAT\u00c1RIOS<\/strong><\/p>\n\n\n\n<p>Comunidade Educativa<\/p>\n\n\n<div class=\"wp-block-image\">\n<figure class=\"aligncenter size-large is-resized\"><img loading=\"lazy\" decoding=\"async\" width=\"1024\" height=\"1024\" src=\"https:\/\/novo.aeermesinde.net\/wp\/wp-content\/uploads\/2025\/10\/ubuntu-1024x1024.png\" alt=\"\" class=\"wp-image-9255\" style=\"width:179px;height:auto\" srcset=\"https:\/\/novo.aeermesinde.net\/wp\/wp-content\/uploads\/2025\/10\/ubuntu-1024x1024.png 1024w, https:\/\/novo.aeermesinde.net\/wp\/wp-content\/uploads\/2025\/10\/ubuntu-300x300.png 300w, https:\/\/novo.aeermesinde.net\/wp\/wp-content\/uploads\/2025\/10\/ubuntu-150x150.png 150w, https:\/\/novo.aeermesinde.net\/wp\/wp-content\/uploads\/2025\/10\/ubuntu-768x768.png 768w, https:\/\/novo.aeermesinde.net\/wp\/wp-content\/uploads\/2025\/10\/ubuntu-1536x1536.png 1536w, https:\/\/novo.aeermesinde.net\/wp\/wp-content\/uploads\/2025\/10\/ubuntu-2048x2048.png 2048w\" sizes=\"auto, (max-width: 1024px) 100vw, 1024px\" \/><\/figure>\n<\/div>","protected":false},"excerpt":{"rendered":"<p>UBUNTU \u00e9 uma palavra sul-africana que significa: \u00abEu sou porque tu \u00e9s\u00bb. Dessa express\u00e3o nasceu uma filosofia de vida centrada na pessoa e nas rela\u00e7\u00f5es humanas, que valoriza a solidariedade, o respeito, a empatia e o esp\u00edrito de coletividade. Inspirado <a href=\"https:\/\/novo.aeermesinde.net\/wp\/projeto-clube-ubuntu\/\" class=\"read-more\">Read More &#8230;<\/a><\/p>\n","protected":false},"author":1,"featured_media":0,"parent":0,"menu_order":0,"comment_status":"closed","ping_status":"closed","template":"","meta":{"footnotes":""},"class_list":["post-7360","page","type-page","status-publish","hentry"],"jetpack_sharing_enabled":true,"jetpack_likes_enabled":true,"_links":{"self":[{"href":"https:\/\/novo.aeermesinde.net\/wp\/wp-json\/wp\/v2\/pages\/7360","targetHints":{"allow":["GET"]}}],"collection":[{"href":"https:\/\/novo.aeermesinde.net\/wp\/wp-json\/wp\/v2\/pages"}],"about":[{"href":"https:\/\/novo.aeermesinde.net\/wp\/wp-json\/wp\/v2\/types\/page"}],"author":[{"embeddable":true,"href":"https:\/\/novo.aeermesinde.net\/wp\/wp-json\/wp\/v2\/users\/1"}],"replies":[{"embeddable":true,"href":"https:\/\/novo.aeermesinde.net\/wp\/wp-json\/wp\/v2\/comments?post=7360"}],"version-history":[{"count":7,"href":"https:\/\/novo.aeermesinde.net\/wp\/wp-json\/wp\/v2\/pages\/7360\/revisions"}],"predecessor-version":[{"id":10838,"href":"https:\/\/novo.aeermesinde.net\/wp\/wp-json\/wp\/v2\/pages\/7360\/revisions\/10838"}],"wp:attachment":[{"href":"https:\/\/novo.aeermesinde.net\/wp\/wp-json\/wp\/v2\/media?parent=7360"}],"curies":[{"name":"wp","href":"https:\/\/api.w.org\/{rel}","templated":true}]}}